{"id":990,"date":"2021-11-19T14:11:17","date_gmt":"2021-11-19T13:11:17","guid":{"rendered":"https:\/\/staging.13founders.de\/?page_id=990"},"modified":"2021-11-19T14:11:35","modified_gmt":"2021-11-19T13:11:35","slug":"take-the-test","status":"publish","type":"page","link":"http:\/\/staging.13founders.de\/en\/take-the-test\/","title":{"rendered":"Let&#8217;s go!"},"content":{"rendered":"\n<h3 class=\"text-secondary font-serif wp-block-heading\"><meta charset=\"utf-8\">Which statement would you tend to agree with?<\/h3>\n\n\n<form class=\"testform\" action=\"\/en\/test-results\/\" method=\"POST\" id=\"testform\"><div class=\"question\">\n            <p class=\"col-span-12 mb-0 text-primary\">Question 1 of 15<\/p>\n            <p class=\"left font-medium text-secondary\">It is important for me to be a founder.<\/p>\n            <p class=\"right font-medium text-secondary\">I like to solve complex problems.<\/p>\n            <div class=\"answers\"><input type=\"radio\" id=\"question_994_0\" name=\"question[994][score]\" value=\"-3\"><label for=\"question_994_0\"><\/label><input type=\"radio\" id=\"question_994_1\" name=\"question[994][score]\" value=\"-2\"><label for=\"question_994_1\"><\/label><input type=\"radio\" id=\"question_994_2\" name=\"question[994][score]\" value=\"-1\"><label for=\"question_994_2\"><\/label><input type=\"radio\" id=\"question_994_3\" name=\"question[994][score]\" value=\"1\"><label for=\"question_994_3\"><\/label><input type=\"radio\" id=\"question_994_4\" name=\"question[994][score]\" value=\"2\"><label for=\"question_994_4\"><\/label><input type=\"radio\" id=\"question_994_5\" name=\"question[994][score]\" value=\"3\"><label for=\"question_994_5\"><\/label><input type=\"hidden\" name=\"question[994][set]\" value=\"1\"><input type=\"hidden\" name=\"question[994][number]\" value=\"1\">\n            <\/div>\n        <\/div><div class=\"question\">\n            <p class=\"col-span-12 mb-0 text-primary\">Frage 2 von 15<\/p>\n            <p class=\"left font-medium text-secondary\">Mir war schon immer klar, dass ich mal Unternehmer:in werde.<\/p>\n            <p class=\"right font-medium text-secondary\">Ich sch\u00f6pfe Energie aus meiner T\u00e4tigkeit als Gr\u00fcnder:in.<\/p>\n            <div class=\"answers\"><input type=\"radio\" id=\"question_14_0\" name=\"question[14][score]\" value=\"-3\"><label for=\"question_14_0\"><\/label><input type=\"radio\" id=\"question_14_1\" name=\"question[14][score]\" value=\"-2\"><label for=\"question_14_1\"><\/label><input type=\"radio\" id=\"question_14_2\" name=\"question[14][score]\" value=\"-1\"><label for=\"question_14_2\"><\/label><input type=\"radio\" id=\"question_14_3\" name=\"question[14][score]\" value=\"1\"><label for=\"question_14_3\"><\/label><input type=\"radio\" id=\"question_14_4\" name=\"question[14][score]\" value=\"2\"><label for=\"question_14_4\"><\/label><input type=\"radio\" id=\"question_14_5\" name=\"question[14][score]\" value=\"3\"><label for=\"question_14_5\"><\/label><input type=\"hidden\" name=\"question[14][set]\" value=\"1\"><input type=\"hidden\" name=\"question[14][number]\" value=\"2\">\n            <\/div>\n        <\/div><div class=\"question\">\n            <p class=\"col-span-12 mb-0 text-primary\">Frage 3 von 15<\/p>\n            <p class=\"left font-medium text-secondary\">Ich bin ein:e kompetente:r Gr\u00fcnder:in.<\/p>\n            <p class=\"right font-medium text-secondary\">Ich mag es, mich neuen Herausforderungen zu stellen.<\/p>\n            <div class=\"answers\"><input type=\"radio\" id=\"question_16_0\" name=\"question[16][score]\" value=\"-3\"><label for=\"question_16_0\"><\/label><input type=\"radio\" id=\"question_16_1\" name=\"question[16][score]\" value=\"-2\"><label for=\"question_16_1\"><\/label><input type=\"radio\" id=\"question_16_2\" name=\"question[16][score]\" value=\"-1\"><label for=\"question_16_2\"><\/label><input type=\"radio\" id=\"question_16_3\" name=\"question[16][score]\" value=\"1\"><label for=\"question_16_3\"><\/label><input type=\"radio\" id=\"question_16_4\" name=\"question[16][score]\" value=\"2\"><label for=\"question_16_4\"><\/label><input type=\"radio\" id=\"question_16_5\" name=\"question[16][score]\" value=\"3\"><label for=\"question_16_5\"><\/label><input type=\"hidden\" name=\"question[16][set]\" value=\"1\"><input type=\"hidden\" name=\"question[16][number]\" value=\"3\">\n            <\/div>\n        <\/div><div class=\"question\">\n            <p class=\"col-span-12 mb-0 text-primary\">Frage 4 von 15<\/p>\n            <p class=\"left font-medium text-secondary\">Wenn ich noch nicht gegr\u00fcndet h\u00e4tte, w\u00fcrde ich in einem Start-up arbeiten.<\/p>\n            <p class=\"right font-medium text-secondary\">Ich m\u00f6chte meine Ziele schnell erreichen. <\/p>\n            <div class=\"answers\"><input type=\"radio\" id=\"question_35_0\" name=\"question[35][score]\" value=\"-3\"><label for=\"question_35_0\"><\/label><input type=\"radio\" id=\"question_35_1\" name=\"question[35][score]\" value=\"-2\"><label for=\"question_35_1\"><\/label><input type=\"radio\" id=\"question_35_2\" name=\"question[35][score]\" value=\"-1\"><label for=\"question_35_2\"><\/label><input type=\"radio\" id=\"question_35_3\" name=\"question[35][score]\" value=\"1\"><label for=\"question_35_3\"><\/label><input type=\"radio\" id=\"question_35_4\" name=\"question[35][score]\" value=\"2\"><label for=\"question_35_4\"><\/label><input type=\"radio\" id=\"question_35_5\" name=\"question[35][score]\" value=\"3\"><label for=\"question_35_5\"><\/label><input type=\"hidden\" name=\"question[35][set]\" value=\"1\"><input type=\"hidden\" name=\"question[35][number]\" value=\"4\">\n            <\/div>\n        <\/div><div class=\"question\">\n            <p class=\"col-span-12 mb-0 text-primary\">Frage 5 von 15<\/p>\n            <p class=\"left font-medium text-secondary\">Unternehmertum liegt mir im Blut.<\/p>\n            <p class=\"right font-medium text-secondary\">Ich f\u00fchle mich besser, wenn ich meine Ziele selbst definiere. <\/p>\n            <div class=\"answers\"><input type=\"radio\" id=\"question_36_0\" name=\"question[36][score]\" value=\"-3\"><label for=\"question_36_0\"><\/label><input type=\"radio\" id=\"question_36_1\" name=\"question[36][score]\" value=\"-2\"><label for=\"question_36_1\"><\/label><input type=\"radio\" id=\"question_36_2\" name=\"question[36][score]\" value=\"-1\"><label for=\"question_36_2\"><\/label><input type=\"radio\" id=\"question_36_3\" name=\"question[36][score]\" value=\"1\"><label for=\"question_36_3\"><\/label><input type=\"radio\" id=\"question_36_4\" name=\"question[36][score]\" value=\"2\"><label for=\"question_36_4\"><\/label><input type=\"radio\" id=\"question_36_5\" name=\"question[36][score]\" value=\"3\"><label for=\"question_36_5\"><\/label><input type=\"hidden\" name=\"question[36][set]\" value=\"1\"><input type=\"hidden\" name=\"question[36][number]\" value=\"5\">\n            <\/div>\n        <\/div><div class=\"question\">\n            <p class=\"col-span-12 mb-0 text-primary\">Frage 6 von 15<\/p>\n            <p class=\"left font-medium text-secondary\">Ich verfolge bei meiner Gr\u00fcndung eine klare Vision.<\/p>\n            <p class=\"right font-medium text-secondary\">Ich versuche immer mein Team zu f\u00f6rdern. <\/p>\n            <div class=\"answers\"><input type=\"radio\" id=\"question_37_0\" name=\"question[37][score]\" value=\"-3\"><label for=\"question_37_0\"><\/label><input type=\"radio\" id=\"question_37_1\" name=\"question[37][score]\" value=\"-2\"><label for=\"question_37_1\"><\/label><input type=\"radio\" id=\"question_37_2\" name=\"question[37][score]\" value=\"-1\"><label for=\"question_37_2\"><\/label><input type=\"radio\" id=\"question_37_3\" name=\"question[37][score]\" value=\"1\"><label for=\"question_37_3\"><\/label><input type=\"radio\" id=\"question_37_4\" name=\"question[37][score]\" value=\"2\"><label for=\"question_37_4\"><\/label><input type=\"radio\" id=\"question_37_5\" name=\"question[37][score]\" value=\"3\"><label for=\"question_37_5\"><\/label><input type=\"hidden\" name=\"question[37][set]\" value=\"2\"><input type=\"hidden\" name=\"question[37][number]\" value=\"6\">\n            <\/div>\n        <\/div><div class=\"question\">\n            <p class=\"col-span-12 mb-0 text-primary\">Frage 7 von 15<\/p>\n            <p class=\"left font-medium text-secondary\">Trotz Hindernissen lasse ich nicht von meinen Zielen ab. <\/p>\n            <p class=\"right font-medium text-secondary\">Wenn ich Hilfe brauche, verlasse ich mich auf mein Team. <\/p>\n            <div class=\"answers\"><input type=\"radio\" id=\"question_38_0\" name=\"question[38][score]\" value=\"-3\"><label for=\"question_38_0\"><\/label><input type=\"radio\" id=\"question_38_1\" name=\"question[38][score]\" value=\"-2\"><label for=\"question_38_1\"><\/label><input type=\"radio\" id=\"question_38_2\" name=\"question[38][score]\" value=\"-1\"><label for=\"question_38_2\"><\/label><input type=\"radio\" id=\"question_38_3\" name=\"question[38][score]\" value=\"1\"><label for=\"question_38_3\"><\/label><input type=\"radio\" id=\"question_38_4\" name=\"question[38][score]\" value=\"2\"><label for=\"question_38_4\"><\/label><input type=\"radio\" id=\"question_38_5\" name=\"question[38][score]\" value=\"3\"><label for=\"question_38_5\"><\/label><input type=\"hidden\" name=\"question[38][set]\" value=\"2\"><input type=\"hidden\" name=\"question[38][number]\" value=\"7\">\n            <\/div>\n        <\/div><div class=\"question\">\n            <p class=\"col-span-12 mb-0 text-primary\">Frage 8 von 15<\/p>\n            <p class=\"left font-medium text-secondary\">Neue Ziele motivieren mich als Gr\u00fcnder:in. <\/p>\n            <p class=\"right font-medium text-secondary\">Es ist mir wichtig, dass wir im Team ein und dieselbe Vision teilen. <\/p>\n            <div class=\"answers\"><input type=\"radio\" id=\"question_39_0\" name=\"question[39][score]\" value=\"-3\"><label for=\"question_39_0\"><\/label><input type=\"radio\" id=\"question_39_1\" name=\"question[39][score]\" value=\"-2\"><label for=\"question_39_1\"><\/label><input type=\"radio\" id=\"question_39_2\" name=\"question[39][score]\" value=\"-1\"><label for=\"question_39_2\"><\/label><input type=\"radio\" id=\"question_39_3\" name=\"question[39][score]\" value=\"1\"><label for=\"question_39_3\"><\/label><input type=\"radio\" id=\"question_39_4\" name=\"question[39][score]\" value=\"2\"><label for=\"question_39_4\"><\/label><input type=\"radio\" id=\"question_39_5\" name=\"question[39][score]\" value=\"3\"><label for=\"question_39_5\"><\/label><input type=\"hidden\" name=\"question[39][set]\" value=\"2\"><input type=\"hidden\" name=\"question[39][number]\" value=\"8\">\n            <\/div>\n        <\/div><div class=\"question\">\n            <p class=\"col-span-12 mb-0 text-primary\">Frage 9 von 15<\/p>\n            <p class=\"left font-medium text-secondary\">Ich wei\u00df, was mich antreibt. <\/p>\n            <p class=\"right font-medium text-secondary\">Es ist mir wichtig, dass jede:r im Team den Sinn in der Arbeit sieht. <\/p>\n            <div class=\"answers\"><input type=\"radio\" id=\"question_42_0\" name=\"question[42][score]\" value=\"-3\"><label for=\"question_42_0\"><\/label><input type=\"radio\" id=\"question_42_1\" name=\"question[42][score]\" value=\"-2\"><label for=\"question_42_1\"><\/label><input type=\"radio\" id=\"question_42_2\" name=\"question[42][score]\" value=\"-1\"><label for=\"question_42_2\"><\/label><input type=\"radio\" id=\"question_42_3\" name=\"question[42][score]\" value=\"1\"><label for=\"question_42_3\"><\/label><input type=\"radio\" id=\"question_42_4\" name=\"question[42][score]\" value=\"2\"><label for=\"question_42_4\"><\/label><input type=\"radio\" id=\"question_42_5\" name=\"question[42][score]\" value=\"3\"><label for=\"question_42_5\"><\/label><input type=\"hidden\" name=\"question[42][set]\" value=\"2\"><input type=\"hidden\" name=\"question[42][number]\" value=\"9\">\n            <\/div>\n        <\/div><div class=\"question\">\n            <p class=\"col-span-12 mb-0 text-primary\">Frage 10 von 15<\/p>\n            <p class=\"left font-medium text-secondary\">Ich denke oft an meine Ziele und wie ich sie erreichen kann. <\/p>\n            <p class=\"right font-medium text-secondary\">Es ist mir wichtig eine Vorbildfunktion f\u00fcr das Team zu sein. <\/p>\n            <div class=\"answers\"><input type=\"radio\" id=\"question_40_0\" name=\"question[40][score]\" value=\"-3\"><label for=\"question_40_0\"><\/label><input type=\"radio\" id=\"question_40_1\" name=\"question[40][score]\" value=\"-2\"><label for=\"question_40_1\"><\/label><input type=\"radio\" id=\"question_40_2\" name=\"question[40][score]\" value=\"-1\"><label for=\"question_40_2\"><\/label><input type=\"radio\" id=\"question_40_3\" name=\"question[40][score]\" value=\"1\"><label for=\"question_40_3\"><\/label><input type=\"radio\" id=\"question_40_4\" name=\"question[40][score]\" value=\"2\"><label for=\"question_40_4\"><\/label><input type=\"radio\" id=\"question_40_5\" name=\"question[40][score]\" value=\"3\"><label for=\"question_40_5\"><\/label><input type=\"hidden\" name=\"question[40][set]\" value=\"2\"><input type=\"hidden\" name=\"question[40][number]\" value=\"10\">\n            <\/div>\n        <\/div><div class=\"question\">\n            <p class=\"col-span-12 mb-0 text-primary\">Frage 11 von 15<\/p>\n            <p class=\"left font-medium text-secondary\">Das Wohlergehen meines Teams steht \u00fcber der Gr\u00fcndungsidee. <\/p>\n            <p class=\"right font-medium text-secondary\">Meine Arbeit als Gr\u00fcnder:in wirkt sich positiv auf die Gesellschaft aus.  <\/p>\n            <div class=\"answers\"><input type=\"radio\" id=\"question_41_0\" name=\"question[41][score]\" value=\"-3\"><label for=\"question_41_0\"><\/label><input type=\"radio\" id=\"question_41_1\" name=\"question[41][score]\" value=\"-2\"><label for=\"question_41_1\"><\/label><input type=\"radio\" id=\"question_41_2\" name=\"question[41][score]\" value=\"-1\"><label for=\"question_41_2\"><\/label><input type=\"radio\" id=\"question_41_3\" name=\"question[41][score]\" value=\"1\"><label for=\"question_41_3\"><\/label><input type=\"radio\" id=\"question_41_4\" name=\"question[41][score]\" value=\"2\"><label for=\"question_41_4\"><\/label><input type=\"radio\" id=\"question_41_5\" name=\"question[41][score]\" value=\"3\"><label for=\"question_41_5\"><\/label><input type=\"hidden\" name=\"question[41][set]\" value=\"3\"><input type=\"hidden\" name=\"question[41][number]\" value=\"11\">\n            <\/div>\n        <\/div><div class=\"question\">\n            <p class=\"col-span-12 mb-0 text-primary\">Frage 12 von 15<\/p>\n            <p class=\"left font-medium text-secondary\">Ich m\u00f6chte das Beste aus meinem Team holen. <\/p>\n            <p class=\"right font-medium text-secondary\">Meine Gr\u00fcndungsidee ist besser als die von anderen. <\/p>\n            <div class=\"answers\"><input type=\"radio\" id=\"question_43_0\" name=\"question[43][score]\" value=\"-3\"><label for=\"question_43_0\"><\/label><input type=\"radio\" id=\"question_43_1\" name=\"question[43][score]\" value=\"-2\"><label for=\"question_43_1\"><\/label><input type=\"radio\" id=\"question_43_2\" name=\"question[43][score]\" value=\"-1\"><label for=\"question_43_2\"><\/label><input type=\"radio\" id=\"question_43_3\" name=\"question[43][score]\" value=\"1\"><label for=\"question_43_3\"><\/label><input type=\"radio\" id=\"question_43_4\" name=\"question[43][score]\" value=\"2\"><label for=\"question_43_4\"><\/label><input type=\"radio\" id=\"question_43_5\" name=\"question[43][score]\" value=\"3\"><label for=\"question_43_5\"><\/label><input type=\"hidden\" name=\"question[43][set]\" value=\"3\"><input type=\"hidden\" name=\"question[43][number]\" value=\"12\">\n            <\/div>\n        <\/div><div class=\"question\">\n            <p class=\"col-span-12 mb-0 text-primary\">Frage 13 von 15<\/p>\n            <p class=\"left font-medium text-secondary\">Es ist mir wichtig, wie zufrieden mein Team mit der Arbeit ist. <\/p>\n            <p class=\"right font-medium text-secondary\">Ich stehe gerne im Mittelpunkt. <\/p>\n            <div class=\"answers\"><input type=\"radio\" id=\"question_44_0\" name=\"question[44][score]\" value=\"-3\"><label for=\"question_44_0\"><\/label><input type=\"radio\" id=\"question_44_1\" name=\"question[44][score]\" value=\"-2\"><label for=\"question_44_1\"><\/label><input type=\"radio\" id=\"question_44_2\" name=\"question[44][score]\" value=\"-1\"><label for=\"question_44_2\"><\/label><input type=\"radio\" id=\"question_44_3\" name=\"question[44][score]\" value=\"1\"><label for=\"question_44_3\"><\/label><input type=\"radio\" id=\"question_44_4\" name=\"question[44][score]\" value=\"2\"><label for=\"question_44_4\"><\/label><input type=\"radio\" id=\"question_44_5\" name=\"question[44][score]\" value=\"3\"><label for=\"question_44_5\"><\/label><input type=\"hidden\" name=\"question[44][set]\" value=\"3\"><input type=\"hidden\" name=\"question[44][number]\" value=\"13\">\n            <\/div>\n        <\/div><div class=\"question\">\n            <p class=\"col-span-12 mb-0 text-primary\">Frage 14 von 15<\/p>\n            <p class=\"left font-medium text-secondary\">Ich m\u00f6chte allen im Team eine M\u00f6glichkeit anbieten, sich zu entwickeln. <\/p>\n            <p class=\"right font-medium text-secondary\">Meine Arbeit k\u00f6nnen andere im Team nicht so gut erledigen, wie ich. <\/p>\n            <div class=\"answers\"><input type=\"radio\" id=\"question_45_0\" name=\"question[45][score]\" value=\"-3\"><label for=\"question_45_0\"><\/label><input type=\"radio\" id=\"question_45_1\" name=\"question[45][score]\" value=\"-2\"><label for=\"question_45_1\"><\/label><input type=\"radio\" id=\"question_45_2\" name=\"question[45][score]\" value=\"-1\"><label for=\"question_45_2\"><\/label><input type=\"radio\" id=\"question_45_3\" name=\"question[45][score]\" value=\"1\"><label for=\"question_45_3\"><\/label><input type=\"radio\" id=\"question_45_4\" name=\"question[45][score]\" value=\"2\"><label for=\"question_45_4\"><\/label><input type=\"radio\" id=\"question_45_5\" name=\"question[45][score]\" value=\"3\"><label for=\"question_45_5\"><\/label><input type=\"hidden\" name=\"question[45][set]\" value=\"3\"><input type=\"hidden\" name=\"question[45][number]\" value=\"14\">\n            <\/div>\n        <\/div><div class=\"question\">\n            <p class=\"col-span-12 mb-0 text-primary\">Frage 15 von 15<\/p>\n            <p class=\"left font-medium text-secondary\">Mein Team ist unentbehrlich f\u00fcr die Erreichung meiner Gr\u00fcndungsziele . <\/p>\n            <p class=\"right font-medium text-secondary\">Bei Aufgaben, die au\u00dferhalb meiner Kompetenzen liegen, arbeite ich mich selbst mehr in das Thema ein. <\/p>\n            <div class=\"answers\"><input type=\"radio\" id=\"question_46_0\" name=\"question[46][score]\" value=\"-3\"><label for=\"question_46_0\"><\/label><input type=\"radio\" id=\"question_46_1\" name=\"question[46][score]\" value=\"-2\"><label for=\"question_46_1\"><\/label><input type=\"radio\" id=\"question_46_2\" name=\"question[46][score]\" value=\"-1\"><label for=\"question_46_2\"><\/label><input type=\"radio\" id=\"question_46_3\" name=\"question[46][score]\" value=\"1\"><label for=\"question_46_3\"><\/label><input type=\"radio\" id=\"question_46_4\" name=\"question[46][score]\" value=\"2\"><label for=\"question_46_4\"><\/label><input type=\"radio\" id=\"question_46_5\" name=\"question[46][score]\" value=\"3\"><label for=\"question_46_5\"><\/label><input type=\"hidden\" name=\"question[46][set]\" value=\"3\"><input type=\"hidden\" name=\"question[46][number]\" value=\"15\">\n            <\/div>\n        <\/div><div class=\"\"><h3 class=\"text-secondary font-serif mt-8 mb-4\">Demographische Daten<\/h3><p class=\"left font-medium text-secondary mb-4\">Hilf uns diesen Test zu verbessern indem Du einige freiwillige Angaben \u00fcber Dich machst.<\/p><div class=\"grid\"><select name=\"gender\" class=\"col-span-6 sm:col-span-4 md:col-span-3\" id=\"test-gender\"><option>Geschlecht<\/option><option value=\"m\u00e4nnlich\">m\u00e4nnlich<\/option><option value=\"weiblich\">weiblich<\/option><option value=\"divers\">divers<\/option><option value=\"unbestimmt\">unbestimmt<\/option><\/select><select name=\"age\" class=\"col-span-6 sm:col-span-4 md:col-span-3\" id=\"test-age\"><option>Alter<\/option><option value=\"14 bis 17\">14 bis 17<\/option><option value=\"18 bis 24\">18 bis 24<\/option><option value=\"25 bis 34\">25 bis 34<\/option><option value=\"35 bis 50\">35 bis 50<\/option><option value=\"\u00fcber 50\">\u00fcber 50<\/option><\/select><select name=\"country\" class=\"col-span-6 sm:col-span-4 md:col-span-3\" id=\"test-country\"><option>Land<\/option><option value=\"Baden-W\u00fcrttemberg\">Baden-W\u00fcrttemberg<\/option><option value=\"Bayern\">Bayern<\/option><option value=\"Berlin\">Berlin<\/option><option value=\"Brandenburg\">Brandenburg<\/option><option value=\"Bremen\">Bremen<\/option><option value=\"Hamburg\">Hamburg<\/option><option value=\"Hessen\">Hessen<\/option><option value=\"Mecklenburg-Vorpommern\">Mecklenburg-Vorpommern<\/option><option value=\"Niedersachsen\">Niedersachsen<\/option><option value=\"Nordrhein-Westfalen\">Nordrhein-Westfalen<\/option><option value=\"Rheinland-Pfalz\">Rheinland-Pfalz<\/option><option value=\"Saarland\">Saarland<\/option><option value=\"Sachsen\">Sachsen<\/option><option value=\"Sachsen-Anhalt\">Sachsen-Anhalt<\/option><option value=\"Schleswig-Holstein\">Schleswig-Holstein<\/option><option value=\"Th\u00fcringen\">Th\u00fcringen<\/option><option value=\"EU\">EU<\/option><option value=\"Nicht-EU\">Nicht-EU<\/option><\/select><select name=\"part_full_time\" class=\"col-span-6 sm:col-span-4 md:col-span-3\" id=\"test-part_full_time\"><option>Beruf<\/option><option value=\"Sch\u00fcler:in\">Sch\u00fcler:in<\/option><option value=\"Student:in\">Student:in<\/option><option value=\"Berufseinsteiger:in\">Berufseinsteiger:in<\/option><option value=\"Bis 3 Jahre Berufserfahrung\">Bis 3 Jahre Berufserfahrung<\/option><option value=\"Mehr als 3 Jahre Berufserfahrung\">Mehr als 3 Jahre Berufserfahrung<\/option><\/select><input type=\"number\" name=\"team_size\" placeholder=\"Teamgr\u00f6\u00dfe\" class=\"col-span-6 sm:col-span-4 md:col-span-3\" id=\"test-team_size\" \/><input type=\"text\" name=\"location_city\" placeholder=\"Standort \/ Stadt\" class=\"col-span-6 sm:col-span-4 md:col-span-3\" id=\"test-location_city\" \/><select name=\"founding_phase\" class=\"col-span-6 sm:col-span-4 md:col-span-3\" id=\"test-founding_phase\"><option>Unternehmensphase<\/option><option value=\"Ideenphase\">Ideenphase<\/option><option value=\"Planungsphase\">Planungsphase<\/option><option value=\"Gr\u00fcndungsphase\">Gr\u00fcndungsphase<\/option><option value=\"Aufbauphase\">Aufbauphase<\/option><option value=\"Wachstumsphase\">Wachstumsphase<\/option><option value=\"Exitphase\">Exitphase<\/option><\/select><input type=\"text\" name=\"discount_code\" placeholder=\"Discount\/Code\" class=\"col-span-6 sm:col-span-4 md:col-span-3\" id=\"test-discount_code\" \/><\/div><\/div><p class=\"text-error font-bold\" style=\"display:none\" id=\"testformFeedback\">Please answer all questions.<\/p><input type=\"hidden\" name=\"timestamp\" value=\"1776156448\"><input type=\"hidden\" name=\"institution\" value=\"\"><input type=\"submit\" value=\"To the results\" id=\"take-the-test-en\" \/><\/form>\n","protected":false},"excerpt":{"rendered":"<p>Which statement would you tend to agree with?<\/p>\n","protected":false},"author":1,"featured_media":0,"parent":0,"menu_order":0,"comment_status":"closed","ping_status":"closed","template":"views\/template-custom.blade.php","meta":{"footnotes":""},"class_list":["post-990","page","type-page","status-publish","hentry"],"acf":[],"_links":{"self":[{"href":"http:\/\/staging.13founders.de\/en\/wp-json\/wp\/v2\/pages\/990","targetHints":{"allow":["GET"]}}],"collection":[{"href":"http:\/\/staging.13founders.de\/en\/wp-json\/wp\/v2\/pages"}],"about":[{"href":"http:\/\/staging.13founders.de\/en\/wp-json\/wp\/v2\/types\/page"}],"author":[{"embeddable":true,"href":"http:\/\/staging.13founders.de\/en\/wp-json\/wp\/v2\/users\/1"}],"replies":[{"embeddable":true,"href":"http:\/\/staging.13founders.de\/en\/wp-json\/wp\/v2\/comments?post=990"}],"version-history":[{"count":1,"href":"http:\/\/staging.13founders.de\/en\/wp-json\/wp\/v2\/pages\/990\/revisions"}],"predecessor-version":[{"id":991,"href":"http:\/\/staging.13founders.de\/en\/wp-json\/wp\/v2\/pages\/990\/revisions\/991"}],"wp:attachment":[{"href":"http:\/\/staging.13founders.de\/en\/wp-json\/wp\/v2\/media?parent=990"}],"curies":[{"name":"wp","href":"https:\/\/api.w.org\/{rel}","templated":true}]}}